{"id":272,"date":"2022-01-30T16:05:16","date_gmt":"2022-01-30T16:05:16","guid":{"rendered":"http:\/\/drmurat.eticareturuncekimi.com\/?page_id=272"},"modified":"2022-01-31T15:25:53","modified_gmt":"2022-01-31T15:25:53","slug":"estetik-islemler","status":"publish","type":"page","link":"https:\/\/muratemiroglu.com\/?page_id=272","title":{"rendered":"Estetik \u0130\u015flemler"},"content":{"rendered":"\t\t<div data-elementor-type=\"wp-page\" data-elementor-id=\"272\" class=\"elementor elementor-272\" data-elementor-settings=\"{&quot;ha_cmc_init_switcher&quot;:&quot;no&quot;}\">\n\t\t\t\t\t\t<section class=\"elementor-section elementor-top-section elementor-element elementor-element-95c4e2a elementor-section-full_width elementor-section-height-min-height elementor-section-stretched elementor-section-height-default elementor-section-items-middle\" data-id=\"95c4e2a\" data-element_type=\"section\" data-e-type=\"section\" data-settings=\"{&quot;stretch_section&quot;:&quot;section-stretched&quot;,&quot;background_background&quot;:&quot;classic&quot;,&quot;_ha_eqh_enable&quot;:false}\">\n\t\t\t\t\t\t<div class=\"elementor-container elementor-column-gap-no\">\n\t\t\t\t\t<div class=\"elementor-column elementor-col-100 elementor-top-column elementor-element elementor-element-e71d418\" data-id=\"e71d418\" data-element_type=\"column\" data-e-type=\"column\">\n\t\t\t<div class=\"elementor-widget-wrap elementor-element-populated\">\n\t\t\t\t\t\t<div class=\"elementor-element elementor-element-434c5a4 elementor-widget elementor-widget-jkit_post_title\" data-id=\"434c5a4\" data-element_type=\"widget\" data-e-type=\"widget\" data-widget_type=\"jkit_post_title.default\">\n\t\t\t\t<div class=\"elementor-widget-container\">\n\t\t\t\t\t<div  class=\"jeg-elementor-kit jkit-post-title jeg_module___69f294d1c9234\" ><h4 class=\"post-title style-color \"><a href=\"https:\/\/muratemiroglu.com\">Estetik \u0130\u015flemler<\/a><\/h4><\/div>\t\t\t\t<\/div>\n\t\t\t\t<\/div>\n\t\t\t\t\t<\/div>\n\t\t<\/div>\n\t\t\t\t\t<\/div>\n\t\t<\/section>\n\t\t\t\t<section class=\"elementor-section elementor-top-section elementor-element elementor-element-b3a1ab1 elementor-section-boxed elementor-section-height-default elementor-section-height-default\" data-id=\"b3a1ab1\" data-element_type=\"section\" data-e-type=\"section\" data-settings=\"{&quot;_ha_eqh_enable&quot;:false}\">\n\t\t\t\t\t\t<div class=\"elementor-container elementor-column-gap-default\">\n\t\t\t\t\t<div class=\"elementor-column elementor-col-100 elementor-top-column elementor-element elementor-element-bce57c9\" data-id=\"bce57c9\" data-element_type=\"column\" data-e-type=\"column\">\n\t\t\t<div class=\"elementor-widget-wrap elementor-element-populated\">\n\t\t\t\t\t\t<section class=\"elementor-section elementor-inner-section elementor-element elementor-element-cb35876 elementor-section-boxed elementor-section-height-default elementor-section-height-default\" data-id=\"cb35876\" data-element_type=\"section\" data-e-type=\"section\" data-settings=\"{&quot;_ha_eqh_enable&quot;:false}\">\n\t\t\t\t\t\t<div class=\"elementor-container elementor-column-gap-default\">\n\t\t\t\t\t<div class=\"elementor-column elementor-col-50 elementor-inner-column elementor-element elementor-element-0add080\" data-id=\"0add080\" data-element_type=\"column\" data-e-type=\"column\">\n\t\t\t<div class=\"elementor-widget-wrap elementor-element-populated\">\n\t\t\t\t\t\t<div class=\"elementor-element elementor-element-68cd683 elementor-widget elementor-widget-image\" data-id=\"68cd683\" data-element_type=\"widget\" data-e-type=\"widget\" data-widget_type=\"image.default\">\n\t\t\t\t<div class=\"elementor-widget-container\">\n\t\t\t\t\t\t\t\t\t\t\t\t\t\t\t\t<a href=\"https:\/\/muratemiroglu.com\/?page_id=298\">\n\t\t\t\t\t\t\t<img fetchpriority=\"high\" decoding=\"async\" width=\"700\" height=\"466\" src=\"https:\/\/muratemiroglu.com\/wp-content\/uploads\/2022\/01\/needle.jpeg\" class=\"attachment-large size-large wp-image-248\" alt=\"\" srcset=\"https:\/\/muratemiroglu.com\/wp-content\/uploads\/2022\/01\/needle.jpeg 700w, https:\/\/muratemiroglu.com\/wp-content\/uploads\/2022\/01\/needle-300x200.jpeg 300w, https:\/\/muratemiroglu.com\/wp-content\/uploads\/2022\/01\/needle-350x233.jpeg 350w\" sizes=\"(max-width: 700px) 100vw, 700px\" style=\"width:100%;height:66.57%;max-width:700px\" \/>\t\t\t\t\t\t\t\t<\/a>\n\t\t\t\t\t\t\t\t\t\t\t\t\t\t\t<\/div>\n\t\t\t\t<\/div>\n\t\t\t\t<div class=\"elementor-element elementor-element-24acbc3 jkit-equal-height-disable elementor-widget elementor-widget-jkit_image_box\" data-id=\"24acbc3\" data-element_type=\"widget\" data-e-type=\"widget\" data-widget_type=\"jkit_image_box.default\">\n\t\t\t\t<div class=\"elementor-widget-container\">\n\t\t\t\t\t<div  class=\"jeg-elementor-kit jkit-image-box style-default elementor-animation- jeg_module__1_69f294d1ca284\" ><div class=\"image-box-header elementor-animation-\"><\/div><div class=\"image-box-body\">\n            <div class=\"body-inner\"><h2 class=\"body-title icon-position-before\">Y\u00fcz Esteti\u011fi<\/h2>\n                <div class=\"body-description\"><\/div>\n                <div class=\"body-button\"><\/div>\n                \n            <\/div>\n        <\/div><\/div>\t\t\t\t<\/div>\n\t\t\t\t<\/div>\n\t\t\t\t\t<\/div>\n\t\t<\/div>\n\t\t\t\t<div class=\"elementor-column elementor-col-50 elementor-inner-column elementor-element elementor-element-7fcd7bc\" data-id=\"7fcd7bc\" data-element_type=\"column\" data-e-type=\"column\">\n\t\t\t<div class=\"elementor-widget-wrap elementor-element-populated\">\n\t\t\t\t\t\t<div class=\"elementor-element elementor-element-ad3bdd7 elementor-widget elementor-widget-image\" data-id=\"ad3bdd7\" data-element_type=\"widget\" data-e-type=\"widget\" data-widget_type=\"image.default\">\n\t\t\t\t<div class=\"elementor-widget-container\">\n\t\t\t\t\t\t\t\t\t\t\t\t\t\t\t\t<a href=\"https:\/\/muratemiroglu.com\/?page_id=313\">\n\t\t\t\t\t\t\t<img decoding=\"async\" width=\"700\" height=\"466\" src=\"https:\/\/muratemiroglu.com\/wp-content\/uploads\/2022\/01\/meme.jpeg\" class=\"attachment-large size-large wp-image-247\" alt=\"\" srcset=\"https:\/\/muratemiroglu.com\/wp-content\/uploads\/2022\/01\/meme.jpeg 700w, https:\/\/muratemiroglu.com\/wp-content\/uploads\/2022\/01\/meme-300x200.jpeg 300w, https:\/\/muratemiroglu.com\/wp-content\/uploads\/2022\/01\/meme-350x233.jpeg 350w\" sizes=\"(max-width: 700px) 100vw, 700px\" style=\"width:100%;height:66.57%;max-width:700px\" \/>\t\t\t\t\t\t\t\t<\/a>\n\t\t\t\t\t\t\t\t\t\t\t\t\t\t\t<\/div>\n\t\t\t\t<\/div>\n\t\t\t\t<div class=\"elementor-element elementor-element-45ff6f2 jkit-equal-height-disable elementor-widget elementor-widget-jkit_image_box\" data-id=\"45ff6f2\" data-element_type=\"widget\" data-e-type=\"widget\" data-widget_type=\"jkit_image_box.default\">\n\t\t\t\t<div class=\"elementor-widget-container\">\n\t\t\t\t\t<div  class=\"jeg-elementor-kit jkit-image-box style-default elementor-animation- jeg_module__2_69f294d1cb045\" ><div class=\"image-box-header elementor-animation-\"><\/div><div class=\"image-box-body\">\n            <div class=\"body-inner\"><h2 class=\"body-title icon-position-before\">Meme Estet\u011fi<\/h2>\n                <div class=\"body-description\"><\/div>\n                <div class=\"body-button\"><\/div>\n                \n            <\/div>\n        <\/div><\/div>\t\t\t\t<\/div>\n\t\t\t\t<\/div>\n\t\t\t\t\t<\/div>\n\t\t<\/div>\n\t\t\t\t\t<\/div>\n\t\t<\/section>\n\t\t\t\t<section class=\"elementor-section elementor-inner-section elementor-element elementor-element-384d02a elementor-section-boxed elementor-section-height-default elementor-section-height-default\" data-id=\"384d02a\" data-element_type=\"section\" data-e-type=\"section\" data-settings=\"{&quot;_ha_eqh_enable&quot;:false}\">\n\t\t\t\t\t\t<div class=\"elementor-container elementor-column-gap-default\">\n\t\t\t\t\t<div class=\"elementor-column elementor-col-50 elementor-inner-column elementor-element elementor-element-50198e8\" data-id=\"50198e8\" data-element_type=\"column\" data-e-type=\"column\">\n\t\t\t<div class=\"elementor-widget-wrap elementor-element-populated\">\n\t\t\t\t\t\t<div class=\"elementor-element elementor-element-863f93d elementor-widget elementor-widget-image\" data-id=\"863f93d\" data-element_type=\"widget\" data-e-type=\"widget\" data-widget_type=\"image.default\">\n\t\t\t\t<div class=\"elementor-widget-container\">\n\t\t\t\t\t\t\t\t\t\t\t\t\t\t\t\t<a href=\"https:\/\/muratemiroglu.com\/?page_id=323\">\n\t\t\t\t\t\t\t<img decoding=\"async\" width=\"700\" height=\"466\" src=\"https:\/\/muratemiroglu.com\/wp-content\/uploads\/2022\/01\/vucuttt.jpeg\" class=\"attachment-large size-large wp-image-249\" alt=\"\" srcset=\"https:\/\/muratemiroglu.com\/wp-content\/uploads\/2022\/01\/vucuttt.jpeg 700w, https:\/\/muratemiroglu.com\/wp-content\/uploads\/2022\/01\/vucuttt-300x200.jpeg 300w, https:\/\/muratemiroglu.com\/wp-content\/uploads\/2022\/01\/vucuttt-350x233.jpeg 350w\" sizes=\"(max-width: 700px) 100vw, 700px\" style=\"width:100%;height:66.57%;max-width:700px\" \/>\t\t\t\t\t\t\t\t<\/a>\n\t\t\t\t\t\t\t\t\t\t\t\t\t\t\t<\/div>\n\t\t\t\t<\/div>\n\t\t\t\t<div class=\"elementor-element elementor-element-20367be jkit-equal-height-disable elementor-widget elementor-widget-jkit_image_box\" data-id=\"20367be\" data-element_type=\"widget\" data-e-type=\"widget\" data-widget_type=\"jkit_image_box.default\">\n\t\t\t\t<div class=\"elementor-widget-container\">\n\t\t\t\t\t<div  class=\"jeg-elementor-kit jkit-image-box style-default elementor-animation- jeg_module__3_69f294d1cc0b5\" ><div class=\"image-box-header elementor-animation-\"><\/div><div class=\"image-box-body\">\n            <div class=\"body-inner\"><h2 class=\"body-title icon-position-before\">V\u00fccut Esteti\u011fi<\/h2>\n                <div class=\"body-description\"><\/div>\n                <div class=\"body-button\"><\/div>\n                \n            <\/div>\n        <\/div><\/div>\t\t\t\t<\/div>\n\t\t\t\t<\/div>\n\t\t\t\t\t<\/div>\n\t\t<\/div>\n\t\t\t\t<div class=\"elementor-column elementor-col-50 elementor-inner-column elementor-element elementor-element-2054dd0\" data-id=\"2054dd0\" data-element_type=\"column\" data-e-type=\"column\">\n\t\t\t<div class=\"elementor-widget-wrap elementor-element-populated\">\n\t\t\t\t\t\t<div class=\"elementor-element elementor-element-597da0b elementor-widget elementor-widget-image\" data-id=\"597da0b\" data-element_type=\"widget\" data-e-type=\"widget\" data-widget_type=\"image.default\">\n\t\t\t\t<div class=\"elementor-widget-container\">\n\t\t\t\t\t\t\t\t\t\t\t\t\t\t\t\t<a href=\"https:\/\/muratemiroglu.com\/?page_id=334\">\n\t\t\t\t\t\t\t<img loading=\"lazy\" decoding=\"async\" width=\"700\" height=\"466\" src=\"https:\/\/muratemiroglu.com\/wp-content\/uploads\/2022\/01\/burun-cene-yanak.jpeg\" class=\"attachment-large size-large wp-image-246\" alt=\"\" srcset=\"https:\/\/muratemiroglu.com\/wp-content\/uploads\/2022\/01\/burun-cene-yanak.jpeg 700w, https:\/\/muratemiroglu.com\/wp-content\/uploads\/2022\/01\/burun-cene-yanak-300x200.jpeg 300w, https:\/\/muratemiroglu.com\/wp-content\/uploads\/2022\/01\/burun-cene-yanak-350x233.jpeg 350w\" sizes=\"(max-width: 700px) 100vw, 700px\" style=\"width:100%;height:66.57%;max-width:700px\" \/>\t\t\t\t\t\t\t\t<\/a>\n\t\t\t\t\t\t\t\t\t\t\t\t\t\t\t<\/div>\n\t\t\t\t<\/div>\n\t\t\t\t<div class=\"elementor-element elementor-element-4eeeda6 jkit-equal-height-disable elementor-widget elementor-widget-jkit_image_box\" data-id=\"4eeeda6\" data-element_type=\"widget\" data-e-type=\"widget\" data-widget_type=\"jkit_image_box.default\">\n\t\t\t\t<div class=\"elementor-widget-container\">\n\t\t\t\t\t<div  class=\"jeg-elementor-kit jkit-image-box style-default elementor-animation- jeg_module__4_69f294d1ccdae\" ><div class=\"image-box-header elementor-animation-\"><\/div><div class=\"image-box-body\">\n            <div class=\"body-inner\"><h2 class=\"body-title icon-position-before\">Ameliyats\u0131z Estetik<\/h2>\n                <div class=\"body-description\"><\/div>\n                <div class=\"body-button\"><\/div>\n                \n            <\/div>\n        <\/div><\/div>\t\t\t\t<\/div>\n\t\t\t\t<\/div>\n\t\t\t\t\t<\/div>\n\t\t<\/div>\n\t\t\t\t\t<\/div>\n\t\t<\/section>\n\t\t\t\t\t<\/div>\n\t\t<\/div>\n\t\t\t\t\t<\/div>\n\t\t<\/section>\n\t\t\t\t<\/div>\n\t\t","protected":false},"excerpt":{"rendered":"<p>Estetik \u0130\u015flemler Y\u00fcz Esteti\u011fi Meme Estet\u011fi V\u00fccut Esteti\u011fi Ameliyats\u0131z Estetik<\/p>\n","protected":false},"author":1,"featured_media":0,"parent":0,"menu_order":0,"comment_status":"closed","ping_status":"closed","template":"elementor_header_footer","meta":{"_joinchat":[],"footnotes":""},"class_list":["post-272","page","type-page","status-publish","hentry","entry"],"_links":{"self":[{"href":"https:\/\/muratemiroglu.com\/index.php?rest_route=\/wp\/v2\/pages\/272","targetHints":{"allow":["GET"]}}],"collection":[{"href":"https:\/\/muratemiroglu.com\/index.php?rest_route=\/wp\/v2\/pages"}],"about":[{"href":"https:\/\/muratemiroglu.com\/index.php?rest_route=\/wp\/v2\/types\/page"}],"author":[{"embeddable":true,"href":"https:\/\/muratemiroglu.com\/index.php?rest_route=\/wp\/v2\/users\/1"}],"replies":[{"embeddable":true,"href":"https:\/\/muratemiroglu.com\/index.php?rest_route=%2Fwp%2Fv2%2Fcomments&post=272"}],"version-history":[{"count":13,"href":"https:\/\/muratemiroglu.com\/index.php?rest_route=\/wp\/v2\/pages\/272\/revisions"}],"predecessor-version":[{"id":459,"href":"https:\/\/muratemiroglu.com\/index.php?rest_route=\/wp\/v2\/pages\/272\/revisions\/459"}],"wp:attachment":[{"href":"https:\/\/muratemiroglu.com\/index.php?rest_route=%2Fwp%2Fv2%2Fmedia&parent=272"}],"curies":[{"name":"wp","href":"https:\/\/api.w.org\/{rel}","templated":true}]}}