{"id":313,"date":"2022-01-30T17:20:56","date_gmt":"2022-01-30T17:20:56","guid":{"rendered":"http:\/\/drmurat.eticareturuncekimi.com\/?page_id=313"},"modified":"2022-01-30T17:25:41","modified_gmt":"2022-01-30T17:25:41","slug":"meme-estetigi","status":"publish","type":"page","link":"https:\/\/muratemiroglu.com\/?page_id=313","title":{"rendered":"Meme Esteti\u011fi"},"content":{"rendered":"\t\t<div data-elementor-type=\"wp-page\" data-elementor-id=\"313\" class=\"elementor elementor-313\" data-elementor-settings=\"{&quot;ha_cmc_init_switcher&quot;:&quot;no&quot;}\">\n\t\t\t\t\t\t<header class=\"elementor-section elementor-top-section elementor-element elementor-element-6ba795d elementor-section-full_width elementor-section-height-min-height elementor-section-stretched elementor-section-height-default elementor-section-items-middle\" data-id=\"6ba795d\" data-element_type=\"section\" data-e-type=\"section\" data-settings=\"{&quot;stretch_section&quot;:&quot;section-stretched&quot;,&quot;background_background&quot;:&quot;classic&quot;,&quot;_ha_eqh_enable&quot;:false}\">\n\t\t\t\t\t\t<div class=\"elementor-container elementor-column-gap-no\">\n\t\t\t\t\t<div class=\"elementor-column elementor-col-100 elementor-top-column elementor-element elementor-element-24eaedb\" data-id=\"24eaedb\" data-element_type=\"column\" data-e-type=\"column\">\n\t\t\t<div class=\"elementor-widget-wrap elementor-element-populated\">\n\t\t\t\t\t\t<div class=\"elementor-element elementor-element-57e83ea elementor-widget elementor-widget-jkit_post_title\" data-id=\"57e83ea\" data-element_type=\"widget\" data-e-type=\"widget\" data-widget_type=\"jkit_post_title.default\">\n\t\t\t\t<div class=\"elementor-widget-container\">\n\t\t\t\t\t<div  class=\"jeg-elementor-kit jkit-post-title jeg_module___69ecdf02f04bd\" ><h4 class=\"post-title style-color \"><a href=\"https:\/\/muratemiroglu.com\">Meme Esteti\u011fi<\/a><\/h4><\/div>\t\t\t\t<\/div>\n\t\t\t\t<\/div>\n\t\t\t\t\t<\/div>\n\t\t<\/div>\n\t\t\t\t\t<\/div>\n\t\t<\/header>\n\t\t\t\t<section class=\"elementor-section elementor-top-section elementor-element elementor-element-8dc20b0 elementor-section-boxed elementor-section-height-default elementor-section-height-default\" data-id=\"8dc20b0\" data-element_type=\"section\" data-e-type=\"section\" data-settings=\"{&quot;_ha_eqh_enable&quot;:false}\">\n\t\t\t\t\t\t<div class=\"elementor-container elementor-column-gap-narrow\">\n\t\t\t\t\t<div class=\"elementor-column elementor-col-100 elementor-top-column elementor-element elementor-element-d4b4861\" data-id=\"d4b4861\" data-element_type=\"column\" data-e-type=\"column\">\n\t\t\t<div class=\"elementor-widget-wrap elementor-element-populated\">\n\t\t\t\t\t\t<section class=\"elementor-section elementor-inner-section elementor-element elementor-element-6423155 elementor-section-boxed elementor-section-height-default elementor-section-height-default\" data-id=\"6423155\" data-element_type=\"section\" data-e-type=\"section\" data-settings=\"{&quot;_ha_eqh_enable&quot;:false}\">\n\t\t\t\t\t\t<div class=\"elementor-container elementor-column-gap-default\">\n\t\t\t\t\t<div class=\"elementor-column elementor-col-50 elementor-inner-column elementor-element elementor-element-0e4dece\" data-id=\"0e4dece\" data-element_type=\"column\" data-e-type=\"column\">\n\t\t\t<div class=\"elementor-widget-wrap elementor-element-populated\">\n\t\t\t\t\t\t<div class=\"elementor-element elementor-element-531e2a8 elementor-widget elementor-widget-image\" data-id=\"531e2a8\" data-element_type=\"widget\" data-e-type=\"widget\" data-widget_type=\"image.default\">\n\t\t\t\t<div class=\"elementor-widget-container\">\n\t\t\t\t\t\t\t\t\t\t\t\t\t\t\t\t<a href=\"https:\/\/muratemiroglu.com\/?p=194\">\n\t\t\t\t\t\t\t<img fetchpriority=\"high\" decoding=\"async\" width=\"700\" height=\"466\" src=\"https:\/\/muratemiroglu.com\/wp-content\/uploads\/2022\/01\/erkek-meme.jpeg\" class=\"attachment-large size-large wp-image-315\" alt=\"\" srcset=\"https:\/\/muratemiroglu.com\/wp-content\/uploads\/2022\/01\/erkek-meme.jpeg 700w, https:\/\/muratemiroglu.com\/wp-content\/uploads\/2022\/01\/erkek-meme-300x200.jpeg 300w, https:\/\/muratemiroglu.com\/wp-content\/uploads\/2022\/01\/erkek-meme-350x233.jpeg 350w\" sizes=\"(max-width: 700px) 100vw, 700px\" style=\"width:100%;height:66.57%;max-width:700px\" \/>\t\t\t\t\t\t\t\t<\/a>\n\t\t\t\t\t\t\t\t\t\t\t\t\t\t\t<\/div>\n\t\t\t\t<\/div>\n\t\t\t\t<div class=\"elementor-element elementor-element-ac3f16d jkit-equal-height-disable elementor-widget elementor-widget-jkit_image_box\" data-id=\"ac3f16d\" data-element_type=\"widget\" data-e-type=\"widget\" data-widget_type=\"jkit_image_box.default\">\n\t\t\t\t<div class=\"elementor-widget-container\">\n\t\t\t\t\t<div  class=\"jeg-elementor-kit jkit-image-box style-default elementor-animation- jeg_module__1_69ecdf02f29f9\" ><div class=\"image-box-header elementor-animation-\"><\/div><div class=\"image-box-body\">\n            <div class=\"body-inner\"><h2 class=\"body-title icon-position-before\">Erkeklerde G\u00f6\u011f\u00fcs K\u00fc\u00e7\u00fcltme<\/h2>\n                <div class=\"body-description\"><\/div>\n                <div class=\"body-button\"><\/div>\n                \n            <\/div>\n        <\/div><\/div>\t\t\t\t<\/div>\n\t\t\t\t<\/div>\n\t\t\t\t\t<\/div>\n\t\t<\/div>\n\t\t\t\t<div class=\"elementor-column elementor-col-50 elementor-inner-column elementor-element elementor-element-9523e3f\" data-id=\"9523e3f\" data-element_type=\"column\" data-e-type=\"column\">\n\t\t\t<div class=\"elementor-widget-wrap elementor-element-populated\">\n\t\t\t\t\t\t<div class=\"elementor-element elementor-element-4cd8e85 elementor-widget elementor-widget-image\" data-id=\"4cd8e85\" data-element_type=\"widget\" data-e-type=\"widget\" data-widget_type=\"image.default\">\n\t\t\t\t<div class=\"elementor-widget-container\">\n\t\t\t\t\t\t\t\t\t\t\t\t\t\t\t\t<a href=\"https:\/\/muratemiroglu.com\/?p=196\">\n\t\t\t\t\t\t\t<img decoding=\"async\" width=\"700\" height=\"466\" src=\"https:\/\/muratemiroglu.com\/wp-content\/uploads\/2022\/01\/icadonuk.jpeg\" class=\"attachment-large size-large wp-image-316\" alt=\"\" srcset=\"https:\/\/muratemiroglu.com\/wp-content\/uploads\/2022\/01\/icadonuk.jpeg 700w, https:\/\/muratemiroglu.com\/wp-content\/uploads\/2022\/01\/icadonuk-300x200.jpeg 300w, https:\/\/muratemiroglu.com\/wp-content\/uploads\/2022\/01\/icadonuk-350x233.jpeg 350w\" sizes=\"(max-width: 700px) 100vw, 700px\" style=\"width:100%;height:66.57%;max-width:700px\" \/>\t\t\t\t\t\t\t\t<\/a>\n\t\t\t\t\t\t\t\t\t\t\t\t\t\t\t<\/div>\n\t\t\t\t<\/div>\n\t\t\t\t<div class=\"elementor-element elementor-element-ea48702 jkit-equal-height-disable elementor-widget elementor-widget-jkit_image_box\" data-id=\"ea48702\" data-element_type=\"widget\" data-e-type=\"widget\" data-widget_type=\"jkit_image_box.default\">\n\t\t\t\t<div class=\"elementor-widget-container\">\n\t\t\t\t\t<div  class=\"jeg-elementor-kit jkit-image-box style-default elementor-animation- jeg_module__2_69ecdf02f37f7\" ><div class=\"image-box-header elementor-animation-\"><\/div><div class=\"image-box-body\">\n            <div class=\"body-inner\"><h2 class=\"body-title icon-position-before\">\u0130\u00e7e D\u00f6n\u00fck G\u00f6\u011f\u00fcs Ucunun D\u00fczeltilmesi<\/h2>\n                <div class=\"body-description\"><\/div>\n                <div class=\"body-button\"><\/div>\n                \n            <\/div>\n        <\/div><\/div>\t\t\t\t<\/div>\n\t\t\t\t<\/div>\n\t\t\t\t\t<\/div>\n\t\t<\/div>\n\t\t\t\t\t<\/div>\n\t\t<\/section>\n\t\t\t\t\t<\/div>\n\t\t<\/div>\n\t\t\t\t\t<\/div>\n\t\t<\/section>\n\t\t\t\t<section class=\"elementor-section elementor-top-section elementor-element elementor-element-7970bb1 elementor-section-boxed elementor-section-height-default elementor-section-height-default\" data-id=\"7970bb1\" data-element_type=\"section\" data-e-type=\"section\" data-settings=\"{&quot;_ha_eqh_enable&quot;:false}\">\n\t\t\t\t\t\t<div class=\"elementor-container elementor-column-gap-narrow\">\n\t\t\t\t\t<div class=\"elementor-column elementor-col-100 elementor-top-column elementor-element elementor-element-07a7d29\" data-id=\"07a7d29\" data-element_type=\"column\" data-e-type=\"column\">\n\t\t\t<div class=\"elementor-widget-wrap elementor-element-populated\">\n\t\t\t\t\t\t<section class=\"elementor-section elementor-inner-section elementor-element elementor-element-f2c9a91 elementor-section-boxed elementor-section-height-default elementor-section-height-default\" data-id=\"f2c9a91\" data-element_type=\"section\" data-e-type=\"section\" data-settings=\"{&quot;_ha_eqh_enable&quot;:false}\">\n\t\t\t\t\t\t<div class=\"elementor-container elementor-column-gap-default\">\n\t\t\t\t\t<div class=\"elementor-column elementor-col-50 elementor-inner-column elementor-element elementor-element-4c724b7\" data-id=\"4c724b7\" data-element_type=\"column\" data-e-type=\"column\">\n\t\t\t<div class=\"elementor-widget-wrap elementor-element-populated\">\n\t\t\t\t\t\t<div class=\"elementor-element elementor-element-c71308f elementor-widget elementor-widget-image\" data-id=\"c71308f\" data-element_type=\"widget\" data-e-type=\"widget\" data-widget_type=\"image.default\">\n\t\t\t\t<div class=\"elementor-widget-container\">\n\t\t\t\t\t\t\t\t\t\t\t\t\t\t\t\t<a href=\"https:\/\/muratemiroglu.com\/?p=198\">\n\t\t\t\t\t\t\t<img decoding=\"async\" width=\"700\" height=\"466\" src=\"https:\/\/muratemiroglu.com\/wp-content\/uploads\/2022\/01\/meme-buytme.jpeg\" class=\"attachment-large size-large wp-image-317\" alt=\"\" srcset=\"https:\/\/muratemiroglu.com\/wp-content\/uploads\/2022\/01\/meme-buytme.jpeg 700w, https:\/\/muratemiroglu.com\/wp-content\/uploads\/2022\/01\/meme-buytme-300x200.jpeg 300w, https:\/\/muratemiroglu.com\/wp-content\/uploads\/2022\/01\/meme-buytme-350x233.jpeg 350w\" sizes=\"(max-width: 700px) 100vw, 700px\" style=\"width:100%;height:66.57%;max-width:700px\" \/>\t\t\t\t\t\t\t\t<\/a>\n\t\t\t\t\t\t\t\t\t\t\t\t\t\t\t<\/div>\n\t\t\t\t<\/div>\n\t\t\t\t<div class=\"elementor-element elementor-element-360b478 jkit-equal-height-disable elementor-widget elementor-widget-jkit_image_box\" data-id=\"360b478\" data-element_type=\"widget\" data-e-type=\"widget\" data-widget_type=\"jkit_image_box.default\">\n\t\t\t\t<div class=\"elementor-widget-container\">\n\t\t\t\t\t<div  class=\"jeg-elementor-kit jkit-image-box style-default elementor-animation- jeg_module__3_69ecdf03002f5\" ><div class=\"image-box-header elementor-animation-\"><\/div><div class=\"image-box-body\">\n            <div class=\"body-inner\"><h2 class=\"body-title icon-position-before\">G\u00f6\u011f\u00fcs B\u00fcy\u00fctme<\/h2>\n                <div class=\"body-description\"><\/div>\n                <div class=\"body-button\"><\/div>\n                \n            <\/div>\n        <\/div><\/div>\t\t\t\t<\/div>\n\t\t\t\t<\/div>\n\t\t\t\t\t<\/div>\n\t\t<\/div>\n\t\t\t\t<div class=\"elementor-column elementor-col-50 elementor-inner-column elementor-element elementor-element-601f70f\" data-id=\"601f70f\" data-element_type=\"column\" data-e-type=\"column\">\n\t\t\t<div class=\"elementor-widget-wrap elementor-element-populated\">\n\t\t\t\t\t\t<div class=\"elementor-element elementor-element-9812ed9 elementor-widget elementor-widget-image\" data-id=\"9812ed9\" data-element_type=\"widget\" data-e-type=\"widget\" data-widget_type=\"image.default\">\n\t\t\t\t<div class=\"elementor-widget-container\">\n\t\t\t\t\t\t\t\t\t\t\t\t\t\t\t\t<a href=\"https:\/\/muratemiroglu.com\/?p=200\">\n\t\t\t\t\t\t\t<img loading=\"lazy\" decoding=\"async\" width=\"700\" height=\"466\" src=\"https:\/\/muratemiroglu.com\/wp-content\/uploads\/2022\/01\/meme-diklestirme.jpeg\" class=\"attachment-large size-large wp-image-318\" alt=\"\" srcset=\"https:\/\/muratemiroglu.com\/wp-content\/uploads\/2022\/01\/meme-diklestirme.jpeg 700w, https:\/\/muratemiroglu.com\/wp-content\/uploads\/2022\/01\/meme-diklestirme-300x200.jpeg 300w, https:\/\/muratemiroglu.com\/wp-content\/uploads\/2022\/01\/meme-diklestirme-350x233.jpeg 350w\" sizes=\"(max-width: 700px) 100vw, 700px\" style=\"width:100%;height:66.57%;max-width:700px\" \/>\t\t\t\t\t\t\t\t<\/a>\n\t\t\t\t\t\t\t\t\t\t\t\t\t\t\t<\/div>\n\t\t\t\t<\/div>\n\t\t\t\t<div class=\"elementor-element elementor-element-53ed1b5 jkit-equal-height-disable elementor-widget elementor-widget-jkit_image_box\" data-id=\"53ed1b5\" data-element_type=\"widget\" data-e-type=\"widget\" data-widget_type=\"jkit_image_box.default\">\n\t\t\t\t<div class=\"elementor-widget-container\">\n\t\t\t\t\t<div  class=\"jeg-elementor-kit jkit-image-box style-default elementor-animation- jeg_module__4_69ecdf0300f6f\" ><div class=\"image-box-header elementor-animation-\"><\/div><div class=\"image-box-body\">\n            <div class=\"body-inner\"><h2 class=\"body-title icon-position-before\">G\u00f6\u011f\u00fcs Dikle\u015ftirme<\/h2>\n                <div class=\"body-description\"><\/div>\n                <div class=\"body-button\"><\/div>\n                \n            <\/div>\n        <\/div><\/div>\t\t\t\t<\/div>\n\t\t\t\t<\/div>\n\t\t\t\t\t<\/div>\n\t\t<\/div>\n\t\t\t\t\t<\/div>\n\t\t<\/section>\n\t\t\t\t\t<\/div>\n\t\t<\/div>\n\t\t\t\t\t<\/div>\n\t\t<\/section>\n\t\t\t\t<section class=\"elementor-section elementor-top-section elementor-element elementor-element-007bc3e elementor-section-boxed elementor-section-height-default elementor-section-height-default\" data-id=\"007bc3e\" data-element_type=\"section\" data-e-type=\"section\" data-settings=\"{&quot;_ha_eqh_enable&quot;:false}\">\n\t\t\t\t\t\t<div class=\"elementor-container elementor-column-gap-narrow\">\n\t\t\t\t\t<div class=\"elementor-column elementor-col-100 elementor-top-column elementor-element elementor-element-db99c44\" data-id=\"db99c44\" data-element_type=\"column\" data-e-type=\"column\">\n\t\t\t<div class=\"elementor-widget-wrap elementor-element-populated\">\n\t\t\t\t\t\t<section class=\"elementor-section elementor-inner-section elementor-element elementor-element-42a0af3 elementor-section-boxed elementor-section-height-default elementor-section-height-default\" data-id=\"42a0af3\" data-element_type=\"section\" data-e-type=\"section\" data-settings=\"{&quot;_ha_eqh_enable&quot;:false}\">\n\t\t\t\t\t\t<div class=\"elementor-container elementor-column-gap-default\">\n\t\t\t\t\t<div class=\"elementor-column elementor-col-50 elementor-inner-column elementor-element elementor-element-429ef1b\" data-id=\"429ef1b\" data-element_type=\"column\" data-e-type=\"column\">\n\t\t\t<div class=\"elementor-widget-wrap elementor-element-populated\">\n\t\t\t\t\t\t<div class=\"elementor-element elementor-element-99caf13 elementor-widget elementor-widget-image\" data-id=\"99caf13\" data-element_type=\"widget\" data-e-type=\"widget\" data-widget_type=\"image.default\">\n\t\t\t\t<div class=\"elementor-widget-container\">\n\t\t\t\t\t\t\t\t\t\t\t\t\t\t\t\t<a href=\"https:\/\/muratemiroglu.com\/?p=202\">\n\t\t\t\t\t\t\t<img loading=\"lazy\" decoding=\"async\" width=\"700\" height=\"466\" src=\"https:\/\/muratemiroglu.com\/wp-content\/uploads\/2022\/01\/meme-kucultme.jpeg\" class=\"attachment-large size-large wp-image-319\" alt=\"\" srcset=\"https:\/\/muratemiroglu.com\/wp-content\/uploads\/2022\/01\/meme-kucultme.jpeg 700w, https:\/\/muratemiroglu.com\/wp-content\/uploads\/2022\/01\/meme-kucultme-300x200.jpeg 300w, https:\/\/muratemiroglu.com\/wp-content\/uploads\/2022\/01\/meme-kucultme-350x233.jpeg 350w\" sizes=\"(max-width: 700px) 100vw, 700px\" style=\"width:100%;height:66.57%;max-width:700px\" \/>\t\t\t\t\t\t\t\t<\/a>\n\t\t\t\t\t\t\t\t\t\t\t\t\t\t\t<\/div>\n\t\t\t\t<\/div>\n\t\t\t\t<div class=\"elementor-element elementor-element-a94448e jkit-equal-height-disable elementor-widget elementor-widget-jkit_image_box\" data-id=\"a94448e\" data-element_type=\"widget\" data-e-type=\"widget\" data-widget_type=\"jkit_image_box.default\">\n\t\t\t\t<div class=\"elementor-widget-container\">\n\t\t\t\t\t<div  class=\"jeg-elementor-kit jkit-image-box style-default elementor-animation- jeg_module__5_69ecdf0301c5d\" ><div class=\"image-box-header elementor-animation-\"><\/div><div class=\"image-box-body\">\n            <div class=\"body-inner\"><h2 class=\"body-title icon-position-before\">G\u00f6\u011f\u00fcs K\u00fc\u00e7\u00fcltme<\/h2>\n                <div class=\"body-description\"><\/div>\n                <div class=\"body-button\"><\/div>\n                \n            <\/div>\n        <\/div><\/div>\t\t\t\t<\/div>\n\t\t\t\t<\/div>\n\t\t\t\t\t<\/div>\n\t\t<\/div>\n\t\t\t\t<div class=\"elementor-column elementor-col-50 elementor-inner-column elementor-element elementor-element-10070c4\" data-id=\"10070c4\" data-element_type=\"column\" data-e-type=\"column\">\n\t\t\t<div class=\"elementor-widget-wrap elementor-element-populated\">\n\t\t\t\t\t\t<div class=\"elementor-element elementor-element-615bb1b elementor-widget elementor-widget-image\" data-id=\"615bb1b\" data-element_type=\"widget\" data-e-type=\"widget\" data-widget_type=\"image.default\">\n\t\t\t\t<div class=\"elementor-widget-container\">\n\t\t\t\t\t\t\t\t\t\t\t\t\t\t\t\t<a href=\"https:\/\/muratemiroglu.com\/?p=204\">\n\t\t\t\t\t\t\t<img loading=\"lazy\" decoding=\"async\" width=\"700\" height=\"466\" src=\"https:\/\/muratemiroglu.com\/wp-content\/uploads\/2022\/01\/breast-reconstruction-02.jpeg\" class=\"attachment-large size-large wp-image-314\" alt=\"\" srcset=\"https:\/\/muratemiroglu.com\/wp-content\/uploads\/2022\/01\/breast-reconstruction-02.jpeg 700w, https:\/\/muratemiroglu.com\/wp-content\/uploads\/2022\/01\/breast-reconstruction-02-300x200.jpeg 300w, https:\/\/muratemiroglu.com\/wp-content\/uploads\/2022\/01\/breast-reconstruction-02-350x233.jpeg 350w\" sizes=\"(max-width: 700px) 100vw, 700px\" style=\"width:100%;height:66.57%;max-width:700px\" \/>\t\t\t\t\t\t\t\t<\/a>\n\t\t\t\t\t\t\t\t\t\t\t\t\t\t\t<\/div>\n\t\t\t\t<\/div>\n\t\t\t\t<div class=\"elementor-element elementor-element-0aa666f jkit-equal-height-disable elementor-widget elementor-widget-jkit_image_box\" data-id=\"0aa666f\" data-element_type=\"widget\" data-e-type=\"widget\" data-widget_type=\"jkit_image_box.default\">\n\t\t\t\t<div class=\"elementor-widget-container\">\n\t\t\t\t\t<div  class=\"jeg-elementor-kit jkit-image-box style-default elementor-animation- jeg_module__6_69ecdf0302bce\" ><div class=\"image-box-header elementor-animation-\"><\/div><div class=\"image-box-body\">\n            <div class=\"body-inner\"><h2 class=\"body-title icon-position-before\">G\u00f6\u011f\u00fcs Rekonstr\u00fcksiyonu<\/h2>\n                <div class=\"body-description\"><\/div>\n                <div class=\"body-button\"><\/div>\n                \n            <\/div>\n        <\/div><\/div>\t\t\t\t<\/div>\n\t\t\t\t<\/div>\n\t\t\t\t\t<\/div>\n\t\t<\/div>\n\t\t\t\t\t<\/div>\n\t\t<\/section>\n\t\t\t\t\t<\/div>\n\t\t<\/div>\n\t\t\t\t\t<\/div>\n\t\t<\/section>\n\t\t\t\t<\/div>\n\t\t","protected":false},"excerpt":{"rendered":"<p>Y\u00fcz Estet\u011fi &#8211; [Cloned #298] Erkeklerde G\u00f6\u011f\u00fcs K\u00fc\u00e7\u00fcltme \u0130\u00e7e D\u00f6n\u00fck G\u00f6\u011f\u00fcs Ucunun D\u00fczeltilmesi G\u00f6\u011f\u00fcs B\u00fcy\u00fctme G\u00f6\u011f\u00fcs Dikle\u015ftirme G\u00f6\u011f\u00fcs K\u00fc\u00e7\u00fcltme G\u00f6\u011f\u00fcs Rekonstr\u00fcksiyonu<\/p>\n","protected":false},"author":1,"featured_media":0,"parent":272,"menu_order":0,"comment_status":"closed","ping_status":"closed","template":"elementor_header_footer","meta":{"_joinchat":[],"footnotes":""},"class_list":["post-313","page","type-page","status-publish","hentry","entry"],"_links":{"self":[{"href":"https:\/\/muratemiroglu.com\/index.php?rest_route=\/wp\/v2\/pages\/313","targetHints":{"allow":["GET"]}}],"collection":[{"href":"https:\/\/muratemiroglu.com\/index.php?rest_route=\/wp\/v2\/pages"}],"about":[{"href":"https:\/\/muratemiroglu.com\/index.php?rest_route=\/wp\/v2\/types\/page"}],"author":[{"embeddable":true,"href":"https:\/\/muratemiroglu.com\/index.php?rest_route=\/wp\/v2\/users\/1"}],"replies":[{"embeddable":true,"href":"https:\/\/muratemiroglu.com\/index.php?rest_route=%2Fwp%2Fv2%2Fcomments&post=313"}],"version-history":[{"count":3,"href":"https:\/\/muratemiroglu.com\/index.php?rest_route=\/wp\/v2\/pages\/313\/revisions"}],"predecessor-version":[{"id":322,"href":"https:\/\/muratemiroglu.com\/index.php?rest_route=\/wp\/v2\/pages\/313\/revisions\/322"}],"up":[{"embeddable":true,"href":"https:\/\/muratemiroglu.com\/index.php?rest_route=\/wp\/v2\/pages\/272"}],"wp:attachment":[{"href":"https:\/\/muratemiroglu.com\/index.php?rest_route=%2Fwp%2Fv2%2Fmedia&parent=313"}],"curies":[{"name":"wp","href":"https:\/\/api.w.org\/{rel}","templated":true}]}}