{"id":36,"date":"2022-01-29T12:32:33","date_gmt":"2022-01-29T12:32:33","guid":{"rendered":"http:\/\/drmurat.eticareturuncekimi.com\/?page_id=36"},"modified":"2022-01-30T17:01:13","modified_gmt":"2022-01-30T17:01:13","slug":"islemler","status":"publish","type":"page","link":"https:\/\/muratemiroglu.com\/?page_id=36","title":{"rendered":"\u0130\u015flemler"},"content":{"rendered":"\t\t<div data-elementor-type=\"wp-page\" data-elementor-id=\"36\" class=\"elementor elementor-36\" data-elementor-settings=\"{&quot;ha_cmc_init_switcher&quot;:&quot;no&quot;}\">\n\t\t\t\t\t\t<section class=\"elementor-section elementor-top-section elementor-element elementor-element-879ad41 elementor-section-full_width elementor-section-height-min-height elementor-section-stretched elementor-section-height-default elementor-section-items-middle\" data-id=\"879ad41\" data-element_type=\"section\" data-e-type=\"section\" data-settings=\"{&quot;stretch_section&quot;:&quot;section-stretched&quot;,&quot;background_background&quot;:&quot;classic&quot;,&quot;_ha_eqh_enable&quot;:false}\">\n\t\t\t\t\t\t<div class=\"elementor-container elementor-column-gap-no\">\n\t\t\t\t\t<div class=\"elementor-column elementor-col-100 elementor-top-column elementor-element elementor-element-f0f3cda\" data-id=\"f0f3cda\" data-element_type=\"column\" data-e-type=\"column\">\n\t\t\t<div class=\"elementor-widget-wrap elementor-element-populated\">\n\t\t\t\t\t\t<div class=\"elementor-element elementor-element-0054297 elementor-widget elementor-widget-jkit_heading\" data-id=\"0054297\" data-element_type=\"widget\" data-e-type=\"widget\" data-widget_type=\"jkit_heading.default\">\n\t\t\t\t<div class=\"elementor-widget-container\">\n\t\t\t\t\t<div  class=\"jeg-elementor-kit jkit-heading  align-left align-tablet- align-mobile- jeg_module___69f4c900ccf70\" ><div class=\"heading-section-title border-enable start display-inline-block\"><h2 class=\"heading-title\">\u0130\u015flemler<\/h2><\/div><div class=\"heading-section-separator\"><div class=\"separator-wrapper style-dotted\"><\/div><\/div><\/div>\t\t\t\t<\/div>\n\t\t\t\t<\/div>\n\t\t\t\t\t<\/div>\n\t\t<\/div>\n\t\t\t\t\t<\/div>\n\t\t<\/section>\n\t\t\t\t<section class=\"elementor-section elementor-top-section elementor-element elementor-element-e286567 elementor-section-height-min-height elementor-section-boxed elementor-section-height-default elementor-section-items-middle\" data-id=\"e286567\" data-element_type=\"section\" data-e-type=\"section\" data-settings=\"{&quot;_ha_eqh_enable&quot;:false}\">\n\t\t\t\t\t\t<div class=\"elementor-container elementor-column-gap-no\">\n\t\t\t\t\t<div class=\"elementor-column elementor-col-100 elementor-top-column elementor-element elementor-element-9ce4920\" data-id=\"9ce4920\" data-element_type=\"column\" data-e-type=\"column\">\n\t\t\t<div class=\"elementor-widget-wrap elementor-element-populated\">\n\t\t\t\t\t\t<section class=\"elementor-section elementor-inner-section elementor-element elementor-element-1331260 elementor-section-boxed elementor-section-height-default elementor-section-height-default\" data-id=\"1331260\" data-element_type=\"section\" data-e-type=\"section\" data-settings=\"{&quot;_ha_eqh_enable&quot;:false}\">\n\t\t\t\t\t\t<div class=\"elementor-container elementor-column-gap-default\">\n\t\t\t\t\t<div class=\"elementor-column elementor-col-50 elementor-inner-column elementor-element elementor-element-9b67f40\" data-id=\"9b67f40\" data-element_type=\"column\" data-e-type=\"column\">\n\t\t\t<div class=\"elementor-widget-wrap elementor-element-populated\">\n\t\t\t\t\t\t<div class=\"elementor-element elementor-element-27a53c2 elementor-widget elementor-widget-image\" data-id=\"27a53c2\" data-element_type=\"widget\" data-e-type=\"widget\" data-widget_type=\"image.default\">\n\t\t\t\t<div class=\"elementor-widget-container\">\n\t\t\t\t\t\t\t\t\t\t\t\t\t\t\t\t<a href=\"https:\/\/muratemiroglu.com\/?page_id=272\">\n\t\t\t\t\t\t\t<img fetchpriority=\"high\" decoding=\"async\" width=\"700\" height=\"466\" src=\"https:\/\/muratemiroglu.com\/wp-content\/uploads\/2022\/01\/estetik.jpeg\" class=\"attachment-large size-large wp-image-103\" alt=\"\" srcset=\"https:\/\/muratemiroglu.com\/wp-content\/uploads\/2022\/01\/estetik.jpeg 700w, https:\/\/muratemiroglu.com\/wp-content\/uploads\/2022\/01\/estetik-300x200.jpeg 300w\" sizes=\"(max-width: 700px) 100vw, 700px\" style=\"width:100%;height:66.57%;max-width:700px\" \/>\t\t\t\t\t\t\t\t<\/a>\n\t\t\t\t\t\t\t\t\t\t\t\t\t\t\t<\/div>\n\t\t\t\t<\/div>\n\t\t\t\t<div class=\"elementor-element elementor-element-148e8d3 jkit-equal-height-disable elementor-widget elementor-widget-jkit_image_box\" data-id=\"148e8d3\" data-element_type=\"widget\" data-e-type=\"widget\" data-widget_type=\"jkit_image_box.default\">\n\t\t\t\t<div class=\"elementor-widget-container\">\n\t\t\t\t\t<div  class=\"jeg-elementor-kit jkit-image-box style-default elementor-animation- jeg_module__1_69f4c900cf6fc\" ><div class=\"image-box-header elementor-animation-\"><\/div><div class=\"image-box-body\">\n            <div class=\"body-inner\"><h3 class=\"body-title icon-position-before\">Estetik \u0130\u015flemler<\/h3>\n                <div class=\"body-description\"><\/div>\n                <div class=\"body-button\"><\/div>\n                \n            <\/div>\n        <\/div><\/div>\t\t\t\t<\/div>\n\t\t\t\t<\/div>\n\t\t\t\t\t<\/div>\n\t\t<\/div>\n\t\t\t\t<div class=\"elementor-column elementor-col-50 elementor-inner-column elementor-element elementor-element-7a3949e\" data-id=\"7a3949e\" data-element_type=\"column\" data-e-type=\"column\">\n\t\t\t<div class=\"elementor-widget-wrap elementor-element-populated\">\n\t\t\t\t\t\t<div class=\"elementor-element elementor-element-bfe05a0 elementor-widget elementor-widget-image\" data-id=\"bfe05a0\" data-element_type=\"widget\" data-e-type=\"widget\" data-widget_type=\"image.default\">\n\t\t\t\t<div class=\"elementor-widget-container\">\n\t\t\t\t\t\t\t\t\t\t\t\t\t\t\t\t<a href=\"https:\/\/muratemiroglu.com\/?page_id=280\">\n\t\t\t\t\t\t\t<img decoding=\"async\" width=\"700\" height=\"466\" src=\"https:\/\/muratemiroglu.com\/wp-content\/uploads\/2022\/01\/estetik-olmayan.jpeg\" class=\"attachment-large size-large wp-image-104\" alt=\"\" srcset=\"https:\/\/muratemiroglu.com\/wp-content\/uploads\/2022\/01\/estetik-olmayan.jpeg 700w, https:\/\/muratemiroglu.com\/wp-content\/uploads\/2022\/01\/estetik-olmayan-300x200.jpeg 300w\" sizes=\"(max-width: 700px) 100vw, 700px\" style=\"width:100%;height:66.57%;max-width:700px\" \/>\t\t\t\t\t\t\t\t<\/a>\n\t\t\t\t\t\t\t\t\t\t\t\t\t\t\t<\/div>\n\t\t\t\t<\/div>\n\t\t\t\t<div class=\"elementor-element elementor-element-ecf30c1 jkit-equal-height-disable elementor-widget elementor-widget-jkit_image_box\" data-id=\"ecf30c1\" data-element_type=\"widget\" data-e-type=\"widget\" data-widget_type=\"jkit_image_box.default\">\n\t\t\t\t<div class=\"elementor-widget-container\">\n\t\t\t\t\t<div  class=\"jeg-elementor-kit jkit-image-box style-default elementor-animation- jeg_module__2_69f4c900d05e0\" ><div class=\"image-box-header elementor-animation-\"><\/div><div class=\"image-box-body\">\n            <div class=\"body-inner\"><h3 class=\"body-title icon-position-before\">Estetik Olmayan \u0130\u015flemler<\/h3>\n                <div class=\"body-description\"><\/div>\n                <div class=\"body-button\"><\/div>\n                \n            <\/div>\n        <\/div><\/div>\t\t\t\t<\/div>\n\t\t\t\t<\/div>\n\t\t\t\t\t<\/div>\n\t\t<\/div>\n\t\t\t\t\t<\/div>\n\t\t<\/section>\n\t\t\t\t\t<\/div>\n\t\t<\/div>\n\t\t\t\t\t<\/div>\n\t\t<\/section>\n\t\t\t\t<\/div>\n\t\t","protected":false},"excerpt":{"rendered":"<p>\u0130\u015flemler Estetik \u0130\u015flemler Estetik Olmayan \u0130\u015flemler<\/p>\n","protected":false},"author":1,"featured_media":0,"parent":0,"menu_order":0,"comment_status":"closed","ping_status":"closed","template":"elementor_header_footer","meta":{"_joinchat":[],"footnotes":""},"class_list":["post-36","page","type-page","status-publish","hentry","entry"],"_links":{"self":[{"href":"https:\/\/muratemiroglu.com\/index.php?rest_route=\/wp\/v2\/pages\/36","targetHints":{"allow":["GET"]}}],"collection":[{"href":"https:\/\/muratemiroglu.com\/index.php?rest_route=\/wp\/v2\/pages"}],"about":[{"href":"https:\/\/muratemiroglu.com\/index.php?rest_route=\/wp\/v2\/types\/page"}],"author":[{"embeddable":true,"href":"https:\/\/muratemiroglu.com\/index.php?rest_route=\/wp\/v2\/users\/1"}],"replies":[{"embeddable":true,"href":"https:\/\/muratemiroglu.com\/index.php?rest_route=%2Fwp%2Fv2%2Fcomments&post=36"}],"version-history":[{"count":7,"href":"https:\/\/muratemiroglu.com\/index.php?rest_route=\/wp\/v2\/pages\/36\/revisions"}],"predecessor-version":[{"id":297,"href":"https:\/\/muratemiroglu.com\/index.php?rest_route=\/wp\/v2\/pages\/36\/revisions\/297"}],"wp:attachment":[{"href":"https:\/\/muratemiroglu.com\/index.php?rest_route=%2Fwp%2Fv2%2Fmedia&parent=36"}],"curies":[{"name":"wp","href":"https:\/\/api.w.org\/{rel}","templated":true}]}}